{"id":1624,"date":"2022-03-18T23:06:21","date_gmt":"2022-03-18T23:06:21","guid":{"rendered":"http:\/\/rentcar.atm.gr\/autos\/"},"modified":"2024-06-04T15:17:15","modified_gmt":"2024-06-04T15:17:15","slug":"autos","status":"publish","type":"page","link":"https:\/\/dimitrisrentacar.com\/de\/autos\/","title":{"rendered":"Flotte"},"content":{"rendered":"[vc_row type=&#8220;full_width_background&#8220; full_screen_row_position=&#8220;middle&#8220; column_margin=&#8220;default&#8220; column_direction=&#8220;default&#8220; column_direction_tablet=&#8220;default&#8220; column_direction_phone=&#8220;default&#8220; bg_image=&#8220;653&#8243; bg_position=&#8220;center bottom&#8220; background_image_loading=&#8220;default&#8220; bg_repeat=&#8220;no-repeat&#8220; scene_position=&#8220;center&#8220; top_padding=&#8220;5%&#8220; constrain_group_1=&#8220;yes&#8220; bottom_padding=&#8220;5%&#8220; text_color=&#8220;light&#8220; text_align=&#8220;left&#8220; row_border_radius=&#8220;none&#8220; row_border_radius_applies=&#8220;bg&#8220; overflow=&#8220;visible&#8220; advanced_gradient=&#8220;linear-gradient(107deg, rgb(0,0,0) 10%, rgba(243,243,243,0) 61%, rgba(243,243,243,0) 90%)&#8220; advanced_gradient_angle=&#8220;107&#8243; shape_divider_position=&#8220;bottom&#8220; bg_image_animation=&#8220;none&#8220; parallax_bg=&#8220;true&#8220; parallax_bg_speed=&#8220;medium&#8220; gradient_type=&#8220;advanced&#8220; advanced_gradient_display_type=&#8220;linear&#8220; shape_type=&#8220;&#8220;][vc_column column_padding=&#8220;no-extra-padding&#8220; column_padding_tablet=&#8220;inherit&#8220; column_padding_phone=&#8220;inherit&#8220; column_padding_position=&#8220;all&#8220; column_element_spacing=&#8220;default&#8220; background_color_opacity=&#8220;1&#8243; background_hover_color_opacity=&#8220;1&#8243; column_shadow=&#8220;none&#8220; column_border_radius=&#8220;none&#8220; column_link_target=&#8220;_self&#8220; column_position=&#8220;default&#8220; gradient_direction=&#8220;left_to_right&#8220; overlay_strength=&#8220;0.3&#8243; width=&#8220;1\/1&#8243; tablet_width_inherit=&#8220;default&#8220; tablet_text_alignment=&#8220;default&#8220; phone_text_alignment=&#8220;default&#8220; animation_type=&#8220;default&#8220; bg_image_animation=&#8220;none&#8220; border_type=&#8220;simple&#8220; column_border_width=&#8220;none&#8220; column_border_style=&#8220;solid&#8220;][vc_row_inner column_margin=&#8220;default&#8220; column_direction=&#8220;default&#8220; column_direction_tablet=&#8220;default&#8220; column_direction_phone=&#8220;default&#8220; text_align=&#8220;left&#8220; row_position=&#8220;default&#8220; row_position_tablet=&#8220;inherit&#8220; row_position_phone=&#8220;inherit&#8220; overflow=&#8220;visible&#8220; pointer_events=&#8220;all&#8220;][vc_column_inner column_padding=&#8220;no-extra-padding&#8220; column_padding_tablet=&#8220;inherit&#8220; column_padding_phone=&#8220;inherit&#8220; column_padding_position=&#8220;all&#8220; column_element_spacing=&#8220;default&#8220; background_color_opacity=&#8220;1&#8243; background_hover_color_opacity=&#8220;1&#8243; column_shadow=&#8220;none&#8220; column_border_radius=&#8220;none&#8220; column_link_target=&#8220;_self&#8220; advanced_gradient_angle=&#8220;0&#8243; gradient_direction=&#8220;left_to_right&#8220; overlay_strength=&#8220;0.3&#8243; width=&#8220;1\/3&#8243; tablet_width_inherit=&#8220;default&#8220; animation_type=&#8220;default&#8220; bg_image_animation=&#8220;none&#8220; border_type=&#8220;simple&#8220; column_border_width=&#8220;none&#8220; column_border_style=&#8220;solid&#8220; gradient_type=&#8220;default&#8220; offset=&#8220;vc_col-xs-8&#8243;][vc_column_text]\n<h1>Unsere Flotte<\/h1>\n[\/vc_column_text][divider line_type=&#8220;No Line&#8220; custom_height=&#8220;20px&#8220;][vc_column_text]\n<h4>Eine der gr\u00f6\u00dften Fahrzeugflotten auf Tinos, um Ihren Bed\u00fcrfnissen stets gerecht zu werden<\/h4>\n[\/vc_column_text][\/vc_column_inner][vc_column_inner column_padding=&#8220;no-extra-padding&#8220; column_padding_tablet=&#8220;inherit&#8220; column_padding_phone=&#8220;inherit&#8220; column_padding_position=&#8220;all&#8220; column_element_spacing=&#8220;default&#8220; background_color_opacity=&#8220;1&#8243; background_hover_color_opacity=&#8220;1&#8243; column_shadow=&#8220;none&#8220; column_border_radius=&#8220;none&#8220; column_link_target=&#8220;_self&#8220; advanced_gradient_angle=&#8220;0&#8243; gradient_direction=&#8220;left_to_right&#8220; overlay_strength=&#8220;0.3&#8243; width=&#8220;2\/3&#8243; tablet_width_inherit=&#8220;default&#8220; animation_type=&#8220;default&#8220; bg_image_animation=&#8220;none&#8220; border_type=&#8220;simple&#8220; column_border_width=&#8220;none&#8220; column_border_style=&#8220;solid&#8220; gradient_type=&#8220;default&#8220; offset=&#8220;vc_col-xs-4&#8243;][\/vc_column_inner][\/vc_row_inner][\/vc_column][\/vc_row][vc_row type=&#8220;full_width_background&#8220; full_screen_row_position=&#8220;middle&#8220; column_margin=&#8220;default&#8220; column_direction=&#8220;default&#8220; column_direction_tablet=&#8220;default&#8220; column_direction_phone=&#8220;default&#8220; scene_position=&#8220;center&#8220; top_padding=&#8220;2%&#8220; text_color=&#8220;dark&#8220; text_align=&#8220;left&#8220; row_border_radius=&#8220;none&#8220; row_border_radius_applies=&#8220;bg&#8220; overflow=&#8220;visible&#8220; advanced_gradient_angle=&#8220;0&#8243; overlay_strength=&#8220;0.3&#8243; gradient_direction=&#8220;left_to_right&#8220; shape_divider_position=&#8220;bottom&#8220; bg_image_animation=&#8220;none&#8220; shape_type=&#8220;&#8220; gradient_type=&#8220;default&#8220;][vc_column column_padding=&#8220;no-extra-padding&#8220; column_padding_tablet=&#8220;inherit&#8220; column_padding_phone=&#8220;inherit&#8220; column_padding_position=&#8220;all&#8220; column_element_spacing=&#8220;default&#8220; background_color_opacity=&#8220;1&#8243; background_hover_color_opacity=&#8220;1&#8243; column_shadow=&#8220;none&#8220; column_border_radius=&#8220;none&#8220; column_link_target=&#8220;_self&#8220; column_position=&#8220;default&#8220; gradient_direction=&#8220;left_to_right&#8220; overlay_strength=&#8220;0.3&#8243; width=&#8220;1\/1&#8243; tablet_width_inherit=&#8220;default&#8220; tablet_text_alignment=&#8220;default&#8220; phone_text_alignment=&#8220;default&#8220; animation_type=&#8220;default&#8220; bg_image_animation=&#8220;none&#8220; border_type=&#8220;simple&#8220; column_border_width=&#8220;none&#8220; column_border_style=&#8220;solid&#8220;][vc_column_text]\n<h2 style=\"text-align: center;\">Waehlen Sie Ihren bevorzugten Mietwagen<\/h2>\n[\/vc_column_text][nectar_post_grid post_type=&#8220;post&#8220; blog_category=&#8220;all,automatik,cabriolet-faltdach,crossover-de,economy,kompakt,suv-de,van-mini-bus-de&#8220; order=&#8220;DESC&#8220; orderby=&#8220;rand&#8220; pagination=&#8220;load-more&#8220; button_color=&#8220;extra-color-gradient-1&#8243; columns=&#8220;4&#8243; grid_item_spacing=&#8220;10px&#8220; grid_item_height=&#8220;30vh&#8220; enable_sortable=&#8220;yes&#8220; sortable_alignment=&#8220;default&#8220; sortable_color=&#8220;extra-color-1&#8243; image_size=&#8220;portfolio-thumb&#8220; aspect_ratio_image_size=&#8220;yes&#8220; custom_image_aspect_ratio=&#8220;16-9&#8243; image_loading=&#8220;lazy-load&#8220; animation=&#8220;fade-in-from-bottom&#8220; heading_tag=&#8220;h3&#8243; display_categories=&#8220;yes&#8220; category_functionality=&#8220;static&#8220; category_position=&#8220;default&#8220; grid_style=&#8220;content_under_image&#8220; card_design=&#8220;yes&#8220; card_bg_color=&#8220;#f3f3f3&#8243; card_bg_color_hover=&#8220;#d6d6d6&#8243; content_under_image_text_align=&#8220;left&#8220; text_color=&#8220;dark&#8220; hover_effect=&#8220;slow_zoom&#8220; border_radius=&#8220;15px&#8220; shadow_on_hover=&#8220;yes&#8220; meta_visibility=&#8220;always&#8220; posts_per_page=&#8220;50&#8243;][\/vc_column][\/vc_row]\n","protected":false},"excerpt":{"rendered":"<p>[vc_row type=&#8220;full_width_background&#8220; full_screen_row_position=&#8220;middle&#8220; column_margin=&#8220;default&#8220; column_direction=&#8220;default&#8220; column_direction_tablet=&#8220;default&#8220; column_direction_phone=&#8220;default&#8220; bg_image=&#8220;653&#8243; bg_position=&#8220;center bottom&#8220; background_image_loading=&#8220;default&#8220; bg_repeat=&#8220;no-repeat&#8220; scene_position=&#8220;center&#8220; top_padding=&#8220;5%&#8220; constrain_group_1=&#8220;yes&#8220; bottom_padding=&#8220;5%&#8220; text_color=&#8220;light&#8220; text_align=&#8220;left&#8220; row_border_radius=&#8220;none&#8220; row_border_radius_applies=&#8220;bg&#8220; overflow=&#8220;visible&#8220; advanced_gradient=&#8220;linear-gradient(107deg, rgb(0,0,0) 10%, rgba(243,243,243,0) 61%, rgba(243,243,243,0) 90%)&#8220; advanced_gradient_angle=&#8220;107&#8243; shape_divider_position=&#8220;bottom&#8220;&#8230;<\/p>\n","protected":false},"author":3,"featured_media":0,"parent":0,"menu_order":0,"comment_status":"closed","ping_status":"closed","template":"","meta":{"_acf_changed":false,"footnotes":""},"class_list":["post-1624","page","type-page","status-publish"],"acf":[],"yoast_head":"<!-- This site is optimized with the Yoast SEO plugin v25.6 - https:\/\/yoast.com\/wordpress\/plugins\/seo\/ -->\n<title>Flotte - Dimitris Rent a Car<\/title>\n<meta name=\"robots\" content=\"index, follow, max-snippet:-1, max-image-preview:large, max-video-preview:-1\" \/>\n<link rel=\"canonical\" href=\"https:\/\/dimitrisrentacar.com\/de\/autos\/\" \/>\n<meta property=\"og:locale\" content=\"de_DE\" \/>\n<meta property=\"og:type\" content=\"article\" \/>\n<meta property=\"og:title\" content=\"Flotte - Dimitris Rent a Car\" \/>\n<meta property=\"og:description\" content=\"[vc_row type=&#8220;full_width_background&#8220; full_screen_row_position=&#8220;middle&#8220; column_margin=&#8220;default&#8220; column_direction=&#8220;default&#8220; column_direction_tablet=&#8220;default&#8220; column_direction_phone=&#8220;default&#8220; bg_image=&#8220;653&#8243; bg_position=&#8220;center bottom&#8220; background_image_loading=&#8220;default&#8220; bg_repeat=&#8220;no-repeat&#8220; scene_position=&#8220;center&#8220; top_padding=&#8220;5%&#8220; constrain_group_1=&#8220;yes&#8220; bottom_padding=&#8220;5%&#8220; text_color=&#8220;light&#8220; text_align=&#8220;left&#8220; row_border_radius=&#8220;none&#8220; row_border_radius_applies=&#8220;bg&#8220; overflow=&#8220;visible&#8220; advanced_gradient=&#8220;linear-gradient(107deg, rgb(0,0,0) 10%, rgba(243,243,243,0) 61%, rgba(243,243,243,0) 90%)&#8220; advanced_gradient_angle=&#8220;107&#8243; shape_divider_position=&#8220;bottom&#8220;...\" \/>\n<meta property=\"og:url\" content=\"https:\/\/dimitrisrentacar.com\/de\/autos\/\" \/>\n<meta property=\"og:site_name\" content=\"Dimitris Rent a Car\" \/>\n<meta property=\"article:publisher\" content=\"https:\/\/www.facebook.com\/dimitrisrentacartinos\/\" \/>\n<meta property=\"article:modified_time\" content=\"2024-06-04T15:17:15+00:00\" \/>\n<meta name=\"twitter:card\" content=\"summary_large_image\" \/>\n<meta name=\"twitter:label1\" content=\"Gesch\u00e4tzte Lesezeit\" \/>\n\t<meta name=\"twitter:data1\" content=\"2\u00a0Minuten\" \/>\n<script type=\"application\/ld+json\" class=\"yoast-schema-graph\">{\"@context\":\"https:\/\/schema.org\",\"@graph\":[{\"@type\":\"WebPage\",\"@id\":\"https:\/\/dimitrisrentacar.com\/de\/autos\/\",\"url\":\"https:\/\/dimitrisrentacar.com\/de\/autos\/\",\"name\":\"Flotte - Dimitris Rent a Car\",\"isPartOf\":{\"@id\":\"https:\/\/palegoldenrod-porpoise-785159.hostingersite.com\/de\/#website\"},\"datePublished\":\"2022-03-18T23:06:21+00:00\",\"dateModified\":\"2024-06-04T15:17:15+00:00\",\"breadcrumb\":{\"@id\":\"https:\/\/dimitrisrentacar.com\/de\/autos\/#breadcrumb\"},\"inLanguage\":\"de\",\"potentialAction\":[{\"@type\":\"ReadAction\",\"target\":[\"https:\/\/dimitrisrentacar.com\/de\/autos\/\"]}]},{\"@type\":\"BreadcrumbList\",\"@id\":\"https:\/\/dimitrisrentacar.com\/de\/autos\/#breadcrumb\",\"itemListElement\":[{\"@type\":\"ListItem\",\"position\":1,\"name\":\"Home\",\"item\":\"https:\/\/palegoldenrod-porpoise-785159.hostingersite.com\/de\/\"},{\"@type\":\"ListItem\",\"position\":2,\"name\":\"Flotte\"}]},{\"@type\":\"WebSite\",\"@id\":\"https:\/\/palegoldenrod-porpoise-785159.hostingersite.com\/de\/#website\",\"url\":\"https:\/\/palegoldenrod-porpoise-785159.hostingersite.com\/de\/\",\"name\":\"Dimitris Rent a Car\",\"description\":\"Rent a Car in Tinos\",\"publisher\":{\"@id\":\"https:\/\/palegoldenrod-porpoise-785159.hostingersite.com\/de\/#organization\"},\"potentialAction\":[{\"@type\":\"SearchAction\",\"target\":{\"@type\":\"EntryPoint\",\"urlTemplate\":\"https:\/\/palegoldenrod-porpoise-785159.hostingersite.com\/de\/?s={search_term_string}\"},\"query-input\":{\"@type\":\"PropertyValueSpecification\",\"valueRequired\":true,\"valueName\":\"search_term_string\"}}],\"inLanguage\":\"de\"},{\"@type\":\"Organization\",\"@id\":\"https:\/\/palegoldenrod-porpoise-785159.hostingersite.com\/de\/#organization\",\"name\":\"Dimitris Rent a Car\",\"url\":\"https:\/\/palegoldenrod-porpoise-785159.hostingersite.com\/de\/\",\"logo\":{\"@type\":\"ImageObject\",\"inLanguage\":\"de\",\"@id\":\"https:\/\/palegoldenrod-porpoise-785159.hostingersite.com\/de\/#\/schema\/logo\/image\/\",\"url\":\"https:\/\/dimitrisrentacar.com\/wp-content\/uploads\/2022\/04\/dimitris-logo.jpg\",\"contentUrl\":\"https:\/\/dimitrisrentacar.com\/wp-content\/uploads\/2022\/04\/dimitris-logo.jpg\",\"width\":681,\"height\":160,\"caption\":\"Dimitris Rent a Car\"},\"image\":{\"@id\":\"https:\/\/palegoldenrod-porpoise-785159.hostingersite.com\/de\/#\/schema\/logo\/image\/\"},\"sameAs\":[\"https:\/\/www.facebook.com\/dimitrisrentacartinos\/\",\"https:\/\/www.instagram.com\/dimitris_rent_a_car\/\"]}]}<\/script>\n<!-- \/ Yoast SEO plugin. -->","yoast_head_json":{"title":"Flotte - Dimitris Rent a Car","robots":{"index":"index","follow":"follow","max-snippet":"max-snippet:-1","max-image-preview":"max-image-preview:large","max-video-preview":"max-video-preview:-1"},"canonical":"https:\/\/dimitrisrentacar.com\/de\/autos\/","og_locale":"de_DE","og_type":"article","og_title":"Flotte - Dimitris Rent a Car","og_description":"[vc_row type=&#8220;full_width_background&#8220; full_screen_row_position=&#8220;middle&#8220; column_margin=&#8220;default&#8220; column_direction=&#8220;default&#8220; column_direction_tablet=&#8220;default&#8220; column_direction_phone=&#8220;default&#8220; bg_image=&#8220;653&#8243; bg_position=&#8220;center bottom&#8220; background_image_loading=&#8220;default&#8220; bg_repeat=&#8220;no-repeat&#8220; scene_position=&#8220;center&#8220; top_padding=&#8220;5%&#8220; constrain_group_1=&#8220;yes&#8220; bottom_padding=&#8220;5%&#8220; text_color=&#8220;light&#8220; text_align=&#8220;left&#8220; row_border_radius=&#8220;none&#8220; row_border_radius_applies=&#8220;bg&#8220; overflow=&#8220;visible&#8220; advanced_gradient=&#8220;linear-gradient(107deg, rgb(0,0,0) 10%, rgba(243,243,243,0) 61%, rgba(243,243,243,0) 90%)&#8220; advanced_gradient_angle=&#8220;107&#8243; shape_divider_position=&#8220;bottom&#8220;...","og_url":"https:\/\/dimitrisrentacar.com\/de\/autos\/","og_site_name":"Dimitris Rent a Car","article_publisher":"https:\/\/www.facebook.com\/dimitrisrentacartinos\/","article_modified_time":"2024-06-04T15:17:15+00:00","twitter_card":"summary_large_image","twitter_misc":{"Gesch\u00e4tzte Lesezeit":"2\u00a0Minuten"},"schema":{"@context":"https:\/\/schema.org","@graph":[{"@type":"WebPage","@id":"https:\/\/dimitrisrentacar.com\/de\/autos\/","url":"https:\/\/dimitrisrentacar.com\/de\/autos\/","name":"Flotte - Dimitris Rent a Car","isPartOf":{"@id":"https:\/\/palegoldenrod-porpoise-785159.hostingersite.com\/de\/#website"},"datePublished":"2022-03-18T23:06:21+00:00","dateModified":"2024-06-04T15:17:15+00:00","breadcrumb":{"@id":"https:\/\/dimitrisrentacar.com\/de\/autos\/#breadcrumb"},"inLanguage":"de","potentialAction":[{"@type":"ReadAction","target":["https:\/\/dimitrisrentacar.com\/de\/autos\/"]}]},{"@type":"BreadcrumbList","@id":"https:\/\/dimitrisrentacar.com\/de\/autos\/#breadcrumb","itemListElement":[{"@type":"ListItem","position":1,"name":"Home","item":"https:\/\/palegoldenrod-porpoise-785159.hostingersite.com\/de\/"},{"@type":"ListItem","position":2,"name":"Flotte"}]},{"@type":"WebSite","@id":"https:\/\/palegoldenrod-porpoise-785159.hostingersite.com\/de\/#website","url":"https:\/\/palegoldenrod-porpoise-785159.hostingersite.com\/de\/","name":"Dimitris Rent a Car","description":"Rent a Car in Tinos","publisher":{"@id":"https:\/\/palegoldenrod-porpoise-785159.hostingersite.com\/de\/#organization"},"potentialAction":[{"@type":"SearchAction","target":{"@type":"EntryPoint","urlTemplate":"https:\/\/palegoldenrod-porpoise-785159.hostingersite.com\/de\/?s={search_term_string}"},"query-input":{"@type":"PropertyValueSpecification","valueRequired":true,"valueName":"search_term_string"}}],"inLanguage":"de"},{"@type":"Organization","@id":"https:\/\/palegoldenrod-porpoise-785159.hostingersite.com\/de\/#organization","name":"Dimitris Rent a Car","url":"https:\/\/palegoldenrod-porpoise-785159.hostingersite.com\/de\/","logo":{"@type":"ImageObject","inLanguage":"de","@id":"https:\/\/palegoldenrod-porpoise-785159.hostingersite.com\/de\/#\/schema\/logo\/image\/","url":"https:\/\/dimitrisrentacar.com\/wp-content\/uploads\/2022\/04\/dimitris-logo.jpg","contentUrl":"https:\/\/dimitrisrentacar.com\/wp-content\/uploads\/2022\/04\/dimitris-logo.jpg","width":681,"height":160,"caption":"Dimitris Rent a Car"},"image":{"@id":"https:\/\/palegoldenrod-porpoise-785159.hostingersite.com\/de\/#\/schema\/logo\/image\/"},"sameAs":["https:\/\/www.facebook.com\/dimitrisrentacartinos\/","https:\/\/www.instagram.com\/dimitris_rent_a_car\/"]}]}},"_links":{"self":[{"href":"https:\/\/dimitrisrentacar.com\/de\/wp-json\/wp\/v2\/pages\/1624","targetHints":{"allow":["GET"]}}],"collection":[{"href":"https:\/\/dimitrisrentacar.com\/de\/wp-json\/wp\/v2\/pages"}],"about":[{"href":"https:\/\/dimitrisrentacar.com\/de\/wp-json\/wp\/v2\/types\/page"}],"author":[{"embeddable":true,"href":"https:\/\/dimitrisrentacar.com\/de\/wp-json\/wp\/v2\/users\/3"}],"replies":[{"embeddable":true,"href":"https:\/\/dimitrisrentacar.com\/de\/wp-json\/wp\/v2\/comments?post=1624"}],"version-history":[{"count":28,"href":"https:\/\/dimitrisrentacar.com\/de\/wp-json\/wp\/v2\/pages\/1624\/revisions"}],"predecessor-version":[{"id":6223,"href":"https:\/\/dimitrisrentacar.com\/de\/wp-json\/wp\/v2\/pages\/1624\/revisions\/6223"}],"wp:attachment":[{"href":"https:\/\/dimitrisrentacar.com\/de\/wp-json\/wp\/v2\/media?parent=1624"}],"curies":[{"name":"wp","href":"https:\/\/api.w.org\/{rel}","templated":true}]}}