{"id":1582,"date":"2022-04-05T19:53:40","date_gmt":"2022-04-05T19:53:40","guid":{"rendered":"http:\/\/rentcar.atm.gr\/partner\/"},"modified":"2022-04-20T11:18:55","modified_gmt":"2022-04-20T11:18:55","slug":"partner","status":"publish","type":"page","link":"https:\/\/dimitrisrentacar.com\/de\/partner\/","title":{"rendered":"Partner"},"content":{"rendered":"[vc_row type=&#8220;full_width_content&#8220; full_screen_row_position=&#8220;middle&#8220; column_margin=&#8220;default&#8220; column_direction=&#8220;default&#8220; column_direction_tablet=&#8220;default&#8220; column_direction_phone=&#8220;default&#8220; bg_color=&#8220;#2b323a&#8220; bg_image=&#8220;734&#8243; bg_position=&#8220;right bottom&#8220; background_image_loading=&#8220;default&#8220; bg_repeat=&#8220;no-repeat&#8220; scene_position=&#8220;center&#8220; top_padding=&#8220;8%&#8220; constrain_group_1=&#8220;yes&#8220; bottom_padding=&#8220;8%&#8220; left_padding_desktop=&#8220;8%&#8220; constrain_group_2=&#8220;yes&#8220; right_padding_desktop=&#8220;8%&#8220; text_color=&#8220;light&#8220; text_align=&#8220;left&#8220; row_border_radius=&#8220;none&#8220; row_border_radius_applies=&#8220;bg&#8220; zindex=&#8220;100&#8243; overflow=&#8220;hidden&#8220; color_overlay=&#8220;#000000&#8243; advanced_gradient_angle=&#8220;0&#8243; overlay_strength=&#8220;0.5&#8243; gradient_direction=&#8220;radial&#8220; shape_divider_position=&#8220;bottom&#8220; bg_image_animation=&#8220;fade-in&#8220; mobile_disable_bg_image_animation=&#8220;true&#8220; shape_type=&#8220;&#8220; gradient_type=&#8220;default&#8220;][vc_column column_padding=&#8220;no-extra-padding&#8220; column_padding_tablet=&#8220;inherit&#8220; column_padding_phone=&#8220;inherit&#8220; column_padding_position=&#8220;top-bottom&#8220; column_element_spacing=&#8220;0px&#8220; background_color_opacity=&#8220;1&#8243; background_hover_color_opacity=&#8220;1&#8243; column_shadow=&#8220;none&#8220; column_border_radius=&#8220;none&#8220; column_link_target=&#8220;_self&#8220; column_position=&#8220;static&#8220; advanced_gradient_angle=&#8220;0&#8243; gradient_direction=&#8220;left_to_right&#8220; overlay_strength=&#8220;0.3&#8243; width=&#8220;1\/1&#8243; tablet_width_inherit=&#8220;default&#8220; tablet_text_alignment=&#8220;default&#8220; phone_text_alignment=&#8220;default&#8220; animation_type=&#8220;default&#8220; bg_image_animation=&#8220;none&#8220; border_type=&#8220;simple&#8220; column_border_width=&#8220;none&#8220; column_border_style=&#8220;solid&#8220; gradient_type=&#8220;default&#8220;][vc_row_inner column_margin=&#8220;none&#8220; column_direction=&#8220;default&#8220; column_direction_tablet=&#8220;default&#8220; column_direction_phone=&#8220;default&#8220; left_padding_desktop=&#8220;13vw&#8220; constrain_group_2=&#8220;yes&#8220; right_padding_desktop=&#8220;13vw&#8220; text_align=&#8220;left&#8220; row_position=&#8220;default&#8220; row_position_tablet=&#8220;inherit&#8220; row_position_phone=&#8220;inherit&#8220; zindex=&#8220;10&#8243; overflow=&#8220;visible&#8220; pointer_events=&#8220;all&#8220;][vc_column_inner column_padding=&#8220;no-extra-padding&#8220; column_padding_tablet=&#8220;inherit&#8220; column_padding_phone=&#8220;inherit&#8220; column_padding_position=&#8220;all&#8220; column_element_spacing=&#8220;default&#8220; centered_text=&#8220;true&#8220; background_color_opacity=&#8220;1&#8243; background_hover_color_opacity=&#8220;1&#8243; column_shadow=&#8220;none&#8220; column_border_radius=&#8220;none&#8220; column_link_target=&#8220;_self&#8220; advanced_gradient_angle=&#8220;0&#8243; gradient_direction=&#8220;left_to_right&#8220; overlay_strength=&#8220;0.3&#8243; width=&#8220;1\/1&#8243; tablet_width_inherit=&#8220;default&#8220; animation_type=&#8220;default&#8220; bg_image_animation=&#8220;none&#8220; border_type=&#8220;simple&#8220; column_border_width=&#8220;none&#8220; column_border_style=&#8220;solid&#8220; gradient_type=&#8220;default&#8220;][split_line_heading animation_type=&#8220;line-reveal-by-space&#8220; font_style=&#8220;h1&#8243; line_reveal_by_space_text_effect=&#8220;default&#8220; stagger_animation=&#8220;true&#8220; mobile_disable_animation=&#8220;true&#8220; content_alignment=&#8220;left&#8220; mobile_content_alignment=&#8220;inherit&#8220; link_target=&#8220;_self&#8220; text_content=&#8220;Bereich Partner&#8220; font_size_tablet=&#8220;10vw&#8220; animation_delay=&#8220;150&#8243;][\/split_line_heading][\/vc_column_inner][\/vc_row_inner][\/vc_column][\/vc_row][vc_row type=&#8220;in_container&#8220; full_screen_row_position=&#8220;middle&#8220; column_margin=&#8220;default&#8220; column_direction=&#8220;default&#8220; column_direction_tablet=&#8220;default&#8220; column_direction_phone=&#8220;default&#8220; scene_position=&#8220;center&#8220; top_padding=&#8220;3%&#8220; text_color=&#8220;dark&#8220; text_align=&#8220;left&#8220; row_border_radius=&#8220;none&#8220; row_border_radius_applies=&#8220;bg&#8220; overflow=&#8220;visible&#8220; advanced_gradient_angle=&#8220;0&#8243; overlay_strength=&#8220;0.3&#8243; gradient_direction=&#8220;left_to_right&#8220; shape_divider_position=&#8220;bottom&#8220; bg_image_animation=&#8220;none&#8220; gradient_type=&#8220;default&#8220; shape_type=&#8220;&#8220;][vc_column column_padding=&#8220;no-extra-padding&#8220; column_padding_tablet=&#8220;inherit&#8220; column_padding_phone=&#8220;inherit&#8220; column_padding_position=&#8220;all&#8220; column_element_spacing=&#8220;default&#8220; background_color_opacity=&#8220;1&#8243; background_hover_color_opacity=&#8220;1&#8243; column_shadow=&#8220;none&#8220; column_border_radius=&#8220;none&#8220; column_link_target=&#8220;_self&#8220; column_position=&#8220;default&#8220; gradient_direction=&#8220;left_to_right&#8220; overlay_strength=&#8220;0.3&#8243; width=&#8220;2\/3&#8243; tablet_width_inherit=&#8220;default&#8220; tablet_text_alignment=&#8220;default&#8220; phone_text_alignment=&#8220;default&#8220; animation_type=&#8220;default&#8220; bg_image_animation=&#8220;none&#8220; border_type=&#8220;simple&#8220; column_border_width=&#8220;none&#8220; column_border_style=&#8220;solid&#8220;][vc_column_text]\n<h2>Sind Sie bereits ein Partner?<\/h2>\n<p>F\u00fcllen Sie das nachstehende Formular aus, um ein Angebot f\u00fcr Ihren Kunden zu erhalten.[\/vc_column_text][divider line_type=&#8220;No Line&#8220;]\n<div class=\"wpcf7 no-js\" id=\"wpcf7-f673-o1\" lang=\"en-US\" dir=\"ltr\" data-wpcf7-id=\"673\">\n<div class=\"screen-reader-response\"><p role=\"status\" aria-live=\"polite\" aria-atomic=\"true\"><\/p> <ul><\/ul><\/div>\n<form action=\"\/de\/wp-json\/wp\/v2\/pages\/1582#wpcf7-f673-o1\" method=\"post\" class=\"wpcf7-form init\" aria-label=\"Contact form\" novalidate=\"novalidate\" data-status=\"init\">\n<fieldset class=\"hidden-fields-container\"><input type=\"hidden\" name=\"_wpcf7\" value=\"673\" \/><input type=\"hidden\" name=\"_wpcf7_version\" value=\"6.1.1\" \/><input type=\"hidden\" name=\"_wpcf7_locale\" value=\"en_US\" \/><input type=\"hidden\" name=\"_wpcf7_unit_tag\" value=\"wpcf7-f673-o1\" \/><input type=\"hidden\" name=\"_wpcf7_container_post\" value=\"0\" \/><input type=\"hidden\" name=\"_wpcf7_posted_data_hash\" value=\"\" \/><input type=\"hidden\" name=\"_wpcf7_recaptcha_response\" value=\"\" \/>\n<\/fieldset>\n<p><label><span class=\"wpcf7-form-control-wrap\" data-name=\"text-52\"><input size=\"40\" maxlength=\"400\" class=\"wpcf7-form-control wpcf7-text wpcf7-validates-as-required\" aria-required=\"true\" aria-invalid=\"false\" placeholder=\"Referral\/Company name\" value=\"\" type=\"text\" name=\"text-52\" \/><\/span> <\/label>\n<\/p>\n<p><label><span class=\"wpcf7-form-control-wrap\" data-name=\"your-name\"><input size=\"40\" maxlength=\"400\" class=\"wpcf7-form-control wpcf7-text wpcf7-validates-as-required\" aria-required=\"true\" aria-invalid=\"false\" placeholder=\"Customer Name\" value=\"\" type=\"text\" name=\"your-name\" \/><\/span> <\/label>\n<\/p>\n<p><label><span class=\"wpcf7-form-control-wrap\" data-name=\"your-email\"><input size=\"40\" maxlength=\"400\" class=\"wpcf7-form-control wpcf7-email wpcf7-validates-as-required wpcf7-text wpcf7-validates-as-email\" aria-required=\"true\" aria-invalid=\"false\" placeholder=\"Customer Email\" value=\"\" type=\"email\" name=\"your-email\" \/><\/span> <\/label>\n<\/p>\n<p><label><span class=\"wpcf7-form-control-wrap\" data-name=\"tel-267\"><input size=\"40\" maxlength=\"400\" class=\"wpcf7-form-control wpcf7-tel wpcf7-text wpcf7-validates-as-tel\" aria-invalid=\"false\" placeholder=\"Customer Phone\" value=\"\" type=\"tel\" name=\"tel-267\" \/><\/span> <\/label>\n<\/p>\n<p><label>Arrival: <span class=\"wpcf7-form-control-wrap\" data-name=\"date-364\"><input class=\"wpcf7-form-control wpcf7-date wpcf7-validates-as-date\" min=\"2022-04-05\" aria-invalid=\"false\" value=\"2026-04-22\" type=\"date\" name=\"date-364\" \/><\/span> <\/label>\n<\/p>\n<p><label>Departure: <span class=\"wpcf7-form-control-wrap\" data-name=\"departure\"><input class=\"wpcf7-form-control wpcf7-date wpcf7-validates-as-date\" min=\"2022-04-05\" aria-invalid=\"false\" value=\"\" type=\"date\" name=\"departure\" \/><\/span> <\/label>\n<\/p>\n<p><label>Select category: <span class=\"wpcf7-form-control-wrap\" data-name=\"category\"><select class=\"wpcf7-form-control wpcf7-select\" aria-invalid=\"false\" name=\"category\"><option value=\"Any car\">Any car<\/option><option value=\"Automatic\">Automatic<\/option><option value=\"Cabriolet\/Sunroof\">Cabriolet\/Sunroof<\/option><option value=\"Compact\">Compact<\/option><option value=\"Crossover\">Crossover<\/option><option value=\"Economic\">Economic<\/option><option value=\"Jeeps 4x4\">Jeeps 4x4<\/option><option value=\"SUV\">SUV<\/option><option value=\"Van\/Minibus\">Van\/Minibus<\/option><\/select><\/span> <\/label>\n<\/p>\n<p><label>People: <span class=\"wpcf7-form-control-wrap\" data-name=\"guests\"><input class=\"wpcf7-form-control wpcf7-number wpcf7-validates-as-number\" min=\"1\" max=\"16\" aria-invalid=\"false\" value=\"\" type=\"number\" name=\"guests\" \/><\/span> <\/label>\n<\/p>\n<p><label><span class=\"wpcf7-form-control-wrap\" data-name=\"your-message\"><textarea cols=\"40\" rows=\"10\" maxlength=\"2000\" class=\"wpcf7-form-control wpcf7-textarea wpcf7-validates-as-required\" aria-required=\"true\" aria-invalid=\"false\" placeholder=\"Notes\" name=\"your-message\"><\/textarea><\/span> <\/label>\n<\/p>\n<p><input class=\"wpcf7-form-control wpcf7-submit has-spinner\" type=\"submit\" value=\"Submit\" \/>\n<\/p><div class=\"wpcf7-response-output\" aria-hidden=\"true\"><\/div>\n<\/form>\n<\/div>\n[\/vc_column][vc_column column_padding=&#8220;no-extra-padding&#8220; column_padding_tablet=&#8220;inherit&#8220; column_padding_phone=&#8220;inherit&#8220; column_padding_position=&#8220;all&#8220; column_element_spacing=&#8220;default&#8220; background_color_opacity=&#8220;1&#8243; background_hover_color_opacity=&#8220;1&#8243; column_shadow=&#8220;none&#8220; column_border_radius=&#8220;none&#8220; column_link_target=&#8220;_self&#8220; column_position=&#8220;default&#8220; gradient_direction=&#8220;left_to_right&#8220; overlay_strength=&#8220;0.3&#8243; width=&#8220;1\/3&#8243; tablet_width_inherit=&#8220;default&#8220; tablet_text_alignment=&#8220;default&#8220; phone_text_alignment=&#8220;default&#8220; animation_type=&#8220;default&#8220; bg_image_animation=&#8220;none&#8220; border_type=&#8220;simple&#8220; column_border_width=&#8220;none&#8220; column_border_style=&#8220;solid&#8220;][vc_column_text]\n<h3>Werden Sie Partner<\/h3>\n<p>Sie sind in der Reisebranche t\u00e4tig und suchen nach dem besten Mietwagenservice in Tinos f\u00fcr Ihre G\u00e4ste und Kunden? Senden Sie eine Buchungsanfrage in ihrem Namen.<\/p>\n<p>Arbeiten Sie mit uns zusammen und erhalten Sie spezielle Angebote f\u00fcr Ihre Kunden.<\/p>\n<p>Ben\u00f6tigen Sie weitere Informationen?<br \/>\nRufen Sie uns an und erfahren Sie mehr<\/p>\n<p>(<a href=\"tel:+302283023585\">+30) 2283023585<\/a><br \/>\n<a href=\"tel:+306983234475\">(+30) 6983234475<\/a><br \/>\n<a href=\"tel:+306972813073\">(+30) 6972813073<\/a>[\/vc_column_text][\/vc_column][\/vc_row]\n","protected":false},"excerpt":{"rendered":"<p>[vc_row type=&#8220;full_width_content&#8220; full_screen_row_position=&#8220;middle&#8220; column_margin=&#8220;default&#8220; column_direction=&#8220;default&#8220; column_direction_tablet=&#8220;default&#8220; column_direction_phone=&#8220;default&#8220; bg_color=&#8220;#2b323a&#8220; bg_image=&#8220;734&#8243; bg_position=&#8220;right bottom&#8220; background_image_loading=&#8220;default&#8220; bg_repeat=&#8220;no-repeat&#8220; scene_position=&#8220;center&#8220; top_padding=&#8220;8%&#8220; constrain_group_1=&#8220;yes&#8220; bottom_padding=&#8220;8%&#8220; left_padding_desktop=&#8220;8%&#8220; constrain_group_2=&#8220;yes&#8220; right_padding_desktop=&#8220;8%&#8220; text_color=&#8220;light&#8220; text_align=&#8220;left&#8220; row_border_radius=&#8220;none&#8220; row_border_radius_applies=&#8220;bg&#8220; zindex=&#8220;100&#8243; overflow=&#8220;hidden&#8220; color_overlay=&#8220;#000000&#8243; advanced_gradient_angle=&#8220;0&#8243; overlay_strength=&#8220;0.5&#8243; gradient_direction=&#8220;radial&#8220;&#8230;<\/p>\n","protected":false},"author":3,"featured_media":0,"parent":0,"menu_order":0,"comment_status":"closed","ping_status":"closed","template":"","meta":{"_acf_changed":false,"footnotes":""},"class_list":["post-1582","page","type-page","status-publish"],"acf":[],"yoast_head":"<!-- This site is optimized with the Yoast SEO plugin v25.6 - https:\/\/yoast.com\/wordpress\/plugins\/seo\/ -->\n<title>Partner - Dimitris Rent a Car<\/title>\n<meta name=\"robots\" content=\"index, follow, max-snippet:-1, max-image-preview:large, max-video-preview:-1\" \/>\n<link rel=\"canonical\" href=\"https:\/\/dimitrisrentacar.com\/de\/partner\/\" \/>\n<meta property=\"og:locale\" content=\"de_DE\" \/>\n<meta property=\"og:type\" content=\"article\" \/>\n<meta property=\"og:title\" content=\"Partner - Dimitris Rent a Car\" \/>\n<meta property=\"og:description\" content=\"[vc_row type=&#8220;full_width_content&#8220; full_screen_row_position=&#8220;middle&#8220; column_margin=&#8220;default&#8220; column_direction=&#8220;default&#8220; column_direction_tablet=&#8220;default&#8220; column_direction_phone=&#8220;default&#8220; bg_color=&#8220;#2b323a&#8220; bg_image=&#8220;734&#8243; bg_position=&#8220;right bottom&#8220; background_image_loading=&#8220;default&#8220; bg_repeat=&#8220;no-repeat&#8220; scene_position=&#8220;center&#8220; top_padding=&#8220;8%&#8220; constrain_group_1=&#8220;yes&#8220; bottom_padding=&#8220;8%&#8220; left_padding_desktop=&#8220;8%&#8220; constrain_group_2=&#8220;yes&#8220; right_padding_desktop=&#8220;8%&#8220; text_color=&#8220;light&#8220; text_align=&#8220;left&#8220; row_border_radius=&#8220;none&#8220; row_border_radius_applies=&#8220;bg&#8220; zindex=&#8220;100&#8243; overflow=&#8220;hidden&#8220; color_overlay=&#8220;#000000&#8243; advanced_gradient_angle=&#8220;0&#8243; overlay_strength=&#8220;0.5&#8243; gradient_direction=&#8220;radial&#8220;...\" \/>\n<meta property=\"og:url\" content=\"https:\/\/dimitrisrentacar.com\/de\/partner\/\" \/>\n<meta property=\"og:site_name\" content=\"Dimitris Rent a Car\" \/>\n<meta property=\"article:publisher\" content=\"https:\/\/www.facebook.com\/dimitrisrentacartinos\/\" \/>\n<meta property=\"article:modified_time\" content=\"2022-04-20T11:18:55+00:00\" \/>\n<meta name=\"twitter:card\" content=\"summary_large_image\" \/>\n<meta name=\"twitter:label1\" content=\"Gesch\u00e4tzte Lesezeit\" \/>\n\t<meta name=\"twitter:data1\" content=\"4\u00a0Minuten\" \/>\n<script type=\"application\/ld+json\" class=\"yoast-schema-graph\">{\"@context\":\"https:\/\/schema.org\",\"@graph\":[{\"@type\":\"WebPage\",\"@id\":\"https:\/\/dimitrisrentacar.com\/de\/partner\/\",\"url\":\"https:\/\/dimitrisrentacar.com\/de\/partner\/\",\"name\":\"Partner - Dimitris Rent a Car\",\"isPartOf\":{\"@id\":\"https:\/\/palegoldenrod-porpoise-785159.hostingersite.com\/de\/#website\"},\"datePublished\":\"2022-04-05T19:53:40+00:00\",\"dateModified\":\"2022-04-20T11:18:55+00:00\",\"breadcrumb\":{\"@id\":\"https:\/\/dimitrisrentacar.com\/de\/partner\/#breadcrumb\"},\"inLanguage\":\"de\",\"potentialAction\":[{\"@type\":\"ReadAction\",\"target\":[\"https:\/\/dimitrisrentacar.com\/de\/partner\/\"]}]},{\"@type\":\"BreadcrumbList\",\"@id\":\"https:\/\/dimitrisrentacar.com\/de\/partner\/#breadcrumb\",\"itemListElement\":[{\"@type\":\"ListItem\",\"position\":1,\"name\":\"Home\",\"item\":\"https:\/\/palegoldenrod-porpoise-785159.hostingersite.com\/de\/\"},{\"@type\":\"ListItem\",\"position\":2,\"name\":\"Partner\"}]},{\"@type\":\"WebSite\",\"@id\":\"https:\/\/palegoldenrod-porpoise-785159.hostingersite.com\/de\/#website\",\"url\":\"https:\/\/palegoldenrod-porpoise-785159.hostingersite.com\/de\/\",\"name\":\"Dimitris Rent a Car\",\"description\":\"Rent a Car in Tinos\",\"publisher\":{\"@id\":\"https:\/\/palegoldenrod-porpoise-785159.hostingersite.com\/de\/#organization\"},\"potentialAction\":[{\"@type\":\"SearchAction\",\"target\":{\"@type\":\"EntryPoint\",\"urlTemplate\":\"https:\/\/palegoldenrod-porpoise-785159.hostingersite.com\/de\/?s={search_term_string}\"},\"query-input\":{\"@type\":\"PropertyValueSpecification\",\"valueRequired\":true,\"valueName\":\"search_term_string\"}}],\"inLanguage\":\"de\"},{\"@type\":\"Organization\",\"@id\":\"https:\/\/palegoldenrod-porpoise-785159.hostingersite.com\/de\/#organization\",\"name\":\"Dimitris Rent a Car\",\"url\":\"https:\/\/palegoldenrod-porpoise-785159.hostingersite.com\/de\/\",\"logo\":{\"@type\":\"ImageObject\",\"inLanguage\":\"de\",\"@id\":\"https:\/\/palegoldenrod-porpoise-785159.hostingersite.com\/de\/#\/schema\/logo\/image\/\",\"url\":\"https:\/\/dimitrisrentacar.com\/wp-content\/uploads\/2022\/04\/dimitris-logo.jpg\",\"contentUrl\":\"https:\/\/dimitrisrentacar.com\/wp-content\/uploads\/2022\/04\/dimitris-logo.jpg\",\"width\":681,\"height\":160,\"caption\":\"Dimitris Rent a Car\"},\"image\":{\"@id\":\"https:\/\/palegoldenrod-porpoise-785159.hostingersite.com\/de\/#\/schema\/logo\/image\/\"},\"sameAs\":[\"https:\/\/www.facebook.com\/dimitrisrentacartinos\/\",\"https:\/\/www.instagram.com\/dimitris_rent_a_car\/\"]}]}<\/script>\n<!-- \/ Yoast SEO plugin. -->","yoast_head_json":{"title":"Partner - Dimitris Rent a Car","robots":{"index":"index","follow":"follow","max-snippet":"max-snippet:-1","max-image-preview":"max-image-preview:large","max-video-preview":"max-video-preview:-1"},"canonical":"https:\/\/dimitrisrentacar.com\/de\/partner\/","og_locale":"de_DE","og_type":"article","og_title":"Partner - Dimitris Rent a Car","og_description":"[vc_row type=&#8220;full_width_content&#8220; full_screen_row_position=&#8220;middle&#8220; column_margin=&#8220;default&#8220; column_direction=&#8220;default&#8220; column_direction_tablet=&#8220;default&#8220; column_direction_phone=&#8220;default&#8220; bg_color=&#8220;#2b323a&#8220; bg_image=&#8220;734&#8243; bg_position=&#8220;right bottom&#8220; background_image_loading=&#8220;default&#8220; bg_repeat=&#8220;no-repeat&#8220; scene_position=&#8220;center&#8220; top_padding=&#8220;8%&#8220; constrain_group_1=&#8220;yes&#8220; bottom_padding=&#8220;8%&#8220; left_padding_desktop=&#8220;8%&#8220; constrain_group_2=&#8220;yes&#8220; right_padding_desktop=&#8220;8%&#8220; text_color=&#8220;light&#8220; text_align=&#8220;left&#8220; row_border_radius=&#8220;none&#8220; row_border_radius_applies=&#8220;bg&#8220; zindex=&#8220;100&#8243; overflow=&#8220;hidden&#8220; color_overlay=&#8220;#000000&#8243; advanced_gradient_angle=&#8220;0&#8243; overlay_strength=&#8220;0.5&#8243; gradient_direction=&#8220;radial&#8220;...","og_url":"https:\/\/dimitrisrentacar.com\/de\/partner\/","og_site_name":"Dimitris Rent a Car","article_publisher":"https:\/\/www.facebook.com\/dimitrisrentacartinos\/","article_modified_time":"2022-04-20T11:18:55+00:00","twitter_card":"summary_large_image","twitter_misc":{"Gesch\u00e4tzte Lesezeit":"4\u00a0Minuten"},"schema":{"@context":"https:\/\/schema.org","@graph":[{"@type":"WebPage","@id":"https:\/\/dimitrisrentacar.com\/de\/partner\/","url":"https:\/\/dimitrisrentacar.com\/de\/partner\/","name":"Partner - Dimitris Rent a Car","isPartOf":{"@id":"https:\/\/palegoldenrod-porpoise-785159.hostingersite.com\/de\/#website"},"datePublished":"2022-04-05T19:53:40+00:00","dateModified":"2022-04-20T11:18:55+00:00","breadcrumb":{"@id":"https:\/\/dimitrisrentacar.com\/de\/partner\/#breadcrumb"},"inLanguage":"de","potentialAction":[{"@type":"ReadAction","target":["https:\/\/dimitrisrentacar.com\/de\/partner\/"]}]},{"@type":"BreadcrumbList","@id":"https:\/\/dimitrisrentacar.com\/de\/partner\/#breadcrumb","itemListElement":[{"@type":"ListItem","position":1,"name":"Home","item":"https:\/\/palegoldenrod-porpoise-785159.hostingersite.com\/de\/"},{"@type":"ListItem","position":2,"name":"Partner"}]},{"@type":"WebSite","@id":"https:\/\/palegoldenrod-porpoise-785159.hostingersite.com\/de\/#website","url":"https:\/\/palegoldenrod-porpoise-785159.hostingersite.com\/de\/","name":"Dimitris Rent a Car","description":"Rent a Car in Tinos","publisher":{"@id":"https:\/\/palegoldenrod-porpoise-785159.hostingersite.com\/de\/#organization"},"potentialAction":[{"@type":"SearchAction","target":{"@type":"EntryPoint","urlTemplate":"https:\/\/palegoldenrod-porpoise-785159.hostingersite.com\/de\/?s={search_term_string}"},"query-input":{"@type":"PropertyValueSpecification","valueRequired":true,"valueName":"search_term_string"}}],"inLanguage":"de"},{"@type":"Organization","@id":"https:\/\/palegoldenrod-porpoise-785159.hostingersite.com\/de\/#organization","name":"Dimitris Rent a Car","url":"https:\/\/palegoldenrod-porpoise-785159.hostingersite.com\/de\/","logo":{"@type":"ImageObject","inLanguage":"de","@id":"https:\/\/palegoldenrod-porpoise-785159.hostingersite.com\/de\/#\/schema\/logo\/image\/","url":"https:\/\/dimitrisrentacar.com\/wp-content\/uploads\/2022\/04\/dimitris-logo.jpg","contentUrl":"https:\/\/dimitrisrentacar.com\/wp-content\/uploads\/2022\/04\/dimitris-logo.jpg","width":681,"height":160,"caption":"Dimitris Rent a Car"},"image":{"@id":"https:\/\/palegoldenrod-porpoise-785159.hostingersite.com\/de\/#\/schema\/logo\/image\/"},"sameAs":["https:\/\/www.facebook.com\/dimitrisrentacartinos\/","https:\/\/www.instagram.com\/dimitris_rent_a_car\/"]}]}},"_links":{"self":[{"href":"https:\/\/dimitrisrentacar.com\/de\/wp-json\/wp\/v2\/pages\/1582","targetHints":{"allow":["GET"]}}],"collection":[{"href":"https:\/\/dimitrisrentacar.com\/de\/wp-json\/wp\/v2\/pages"}],"about":[{"href":"https:\/\/dimitrisrentacar.com\/de\/wp-json\/wp\/v2\/types\/page"}],"author":[{"embeddable":true,"href":"https:\/\/dimitrisrentacar.com\/de\/wp-json\/wp\/v2\/users\/3"}],"replies":[{"embeddable":true,"href":"https:\/\/dimitrisrentacar.com\/de\/wp-json\/wp\/v2\/comments?post=1582"}],"version-history":[{"count":2,"href":"https:\/\/dimitrisrentacar.com\/de\/wp-json\/wp\/v2\/pages\/1582\/revisions"}],"predecessor-version":[{"id":1584,"href":"https:\/\/dimitrisrentacar.com\/de\/wp-json\/wp\/v2\/pages\/1582\/revisions\/1584"}],"wp:attachment":[{"href":"https:\/\/dimitrisrentacar.com\/de\/wp-json\/wp\/v2\/media?parent=1582"}],"curies":[{"name":"wp","href":"https:\/\/api.w.org\/{rel}","templated":true}]}}